{"id":3,"date":"2023-10-26T20:19:47","date_gmt":"2023-10-26T20:19:47","guid":{"rendered":"https:\/\/www.safeinci.com\/?page_id=3"},"modified":"2023-11-05T18:09:32","modified_gmt":"2023-11-05T18:09:32","slug":"privacy-policy","status":"publish","type":"page","link":"https:\/\/www.safeinci.com\/index.php\/privacy-policy\/","title":{"rendered":"Polityka prywatno\u015bci"},"content":{"rendered":"\n<h2 class=\"wp-block-heading has-medium-font-size\">Wprowadzenie<\/h2>\n\n\n\n<p class=\"has-small-font-size\">Priorytetem safeINCI Sp. z o.o. jest ochrona prywatno\u015bci u\u017cytkownik\u00f3w. W Polityce Prywatno\u015bci opisujemy, jak zbieramy, przechowujemy, u\u017cywamy i chronimy dane osobowe przekazane nam przez u\u017cytkownik\u00f3w w zwi\u0105zku z korzystaniem z naszej strony internetowej. Prosimy o dok\u0142adne zapoznanie si\u0119 z tre\u015bci\u0105 tej polityki.<\/p>\n\n\n\n<h2 class=\"wp-block-heading has-medium-font-size\">Informacje og\u00f3lne<\/h2>\n\n\n\n<p class=\"has-small-font-size\">Administratorem Pa\u0144stwa danych jest safeINCI, z siedzib\u0105 pod adresem: ul. Cegielniana 4A\/15, 30-404 Krak\u00f3w, NIP: 6793279482, dalej okre\u015blany jako \u201eAdministrator\u201d.<\/p>\n\n\n\n<p class=\"has-small-font-size\">W celu skontaktowania si\u0119 z Administratorem, prosimy o korzystanie z adresu e-mail: kontakt@safeinci.com.<\/p>\n\n\n\n<p class=\"has-small-font-size\">Strona internetowa www.safeinci.com jest zarz\u0105dzana przez Administratora.<\/p>\n\n\n\n<h2 class=\"wp-block-heading has-medium-font-size\">Zbieranie i przechowywanie informacji<\/h2>\n\n\n\n<p class=\"has-small-font-size\">Administrator mo\u017ce pozyskiwa\u0107 i przetwarza\u0107 dane osobowe u\u017cytkownik\u00f3w.<\/p>\n\n\n\n<p class=\"has-small-font-size\">Administrator mo\u017ce gromadzi\u0107 dane osobowe (takie jak imi\u0119, nazwisko, adres zamieszkania\/siedziby, adres e-mail i inne informacje zawarte w tre\u015bci wiadomo\u015bci) za po\u015brednictwem formularza kontaktowego dost\u0119pnego na stronie www.safeinci.com, w celu udzielenia odpowiedzi na zapytania.<\/p>\n\n\n\n<p class=\"has-small-font-size\">Przetwarzanie danych odbywa si\u0119 na podstawie art. 6 ust. 1 lit. b (podj\u0119cie dzia\u0142a\u0144 zmierzaj\u0105cych do zawarcia lub wykonania umowy) lub art. 6 ust. 1 lit. f RODO (prawnie uzasadniony interes Administratora w udzieleniu odpowiedzi na zapytanie i umo\u017cliwieniu korzystania z funkcjonalno\u015bci strony www.safeinci.com).<\/p>\n\n\n\n<p class=\"has-small-font-size\">Dane osobowe zostan\u0105 usuni\u0119te niezw\u0142ocznie po zako\u0144czeniu cel\u00f3w, dla kt\u00f3rych by\u0142y zbierane. Dok\u0142adne informacje na ten temat mo\u017cna uzyska\u0107 kontaktuj\u0105c si\u0119 z Administratorem.<\/p>\n\n\n\n<h2 class=\"wp-block-heading has-medium-font-size\">Cookies<\/h2>\n\n\n\n<p class=\"has-small-font-size\">Strona www.safeinci.com wykorzystuje pliki cookies, kt\u00f3re Administrator przetwarza w celu utrzymania i optymalizacji strony.<\/p>\n\n\n\n<p class=\"has-small-font-size\">Pliki cookies to niewielkie pliki tekstowe, kt\u00f3re przesy\u0142a serwer strony internetowej i kt\u00f3re przechowuje oprogramowanie przegl\u0105darki u\u017cytkownika. Kiedy przegl\u0105darka \u0142\u0105czy si\u0119 ponownie ze stron\u0105, witryna identyfikuje rodzaj urz\u0105dzenia, z kt\u00f3rego po\u0142\u0105czono si\u0119 z witryn\u0105. Parametry pozwalaj\u0105 jedynie serwerowi na odczyt informacji zawartych w plikach cookies, kt\u00f3re zosta\u0142y utworzone przez serwer. Pliki cookies u\u0142atwiaj\u0105 korzystanie z witryn, kt\u00f3re by\u0142y wcze\u015bniej odwiedzone.<\/p>\n\n\n\n<p class=\"has-small-font-size\">Dane przetwarzane przez Administratora w plikach cookies mog\u0105 zawiera\u0107 adres IP u\u017cytkownika, typ przegl\u0105darki, j\u0119zyk, system operacyjny, dostawc\u0119 us\u0142ug internetowych, informacje o czasie i dacie, lokalizacj\u0119 oraz informacje przesy\u0142ane do strony za po\u015brednictwem formularzy kontaktowych. Adresy IP s\u0105 anonimowe.<\/p>\n\n\n\n<p class=\"has-small-font-size\">Dane w plikach cookies s\u0105 przetwarzane w celu analizy strony internetowej, monitorowania liczby u\u017cytkownik\u00f3w i ich zachowania na stronie oraz w celu usprawnienia funkcjonalno\u015bci witryny.<\/p>\n\n\n\n<p class=\"has-small-font-size\">U\u017cytkownik ma mo\u017cliwo\u015b\u0107 dostosowania zakresu dost\u0119pu Administratora do informacji zawartych w plikach cookies, zgodnie z ustawieniami przegl\u0105darek internetowych.<\/p>\n\n\n\n<p class=\"has-small-font-size\">Pliki cookies s\u0105 przetwarzane przez czas okre\u015blony w ustawieniach przegl\u0105darek internetowych.<\/p>\n\n\n\n<p class=\"has-small-font-size\">Korzystanie z plik\u00f3w cookies jest dobrowolne, ale brak podania informacji w plikach cookies mo\u017ce ograniczy\u0107 lub uniemo\u017cliwi\u0107 korzystanie z niekt\u00f3rych funkcji oferowanych przez stron\u0119 www.safeinci.com.<\/p>\n\n\n\n<h2 class=\"wp-block-heading has-medium-font-size\">Ujawnianie informacji<\/h2>\n\n\n\n<p class=\"has-small-font-size\">safeINCI Sp. z o.o. nie udost\u0119pnia danych osobowych u\u017cytkownik\u00f3w stronom trzecim bez ich wyra\u017anej zgody, chyba \u017ce jest to konieczne w celu \u015bwiadczenia us\u0142ug lub spe\u0142nienia naszych zobowi\u0105za\u0144 prawnych.<\/p>\n\n\n\n<h2 class=\"wp-block-heading has-medium-font-size\">Kontakt<\/h2>\n\n\n\n<p class=\"has-small-font-size\">Je\u015bli maj\u0105 Pa\u0144stwo pytania dotycz\u0105ce naszej Polityki Prywatno\u015bci lub chcieliby Pa\u0144stwo skorzysta\u0107 z przys\u0142uguj\u0105cych Pa\u0144stwu praw, prosimy o kontakt za po\u015brednictwem wiadomo\u015bci na adres: kontakt@safeinci.com.<\/p>\n\n\n\n<h2 class=\"wp-block-heading has-medium-font-size\">Zmiany w Polityce Prywatno\u015bci<\/h2>\n\n\n\n<p class=\"has-small-font-size\">Zastrzegamy sobie prawo do aktualizacji  Polityki Prywatno\u015bci w dowolnym momencie. Aktualizacje zostan\u0105 opublikowane na naszej stronie internetowej.<\/p>\n\n\n\n<h2 class=\"wp-block-heading\"><\/h2>\n","protected":false},"excerpt":{"rendered":"<p>Wprowadzenie Priorytetem safeINCI Sp. z o.o. jest ochrona prywatno\u015bci u\u017cytkownik\u00f3w. W Polityce Prywatno\u015bci opisujemy, jak zbieramy, przechowujemy, u\u017cywamy i chronimy dane osobowe przekazane nam przez u\u017cytkownik\u00f3w w zwi\u0105zku z korzystaniem &hellip; <\/p>\n","protected":false},"author":1,"featured_media":36,"parent":0,"menu_order":0,"comment_status":"closed","ping_status":"open","template":"","meta":{"om_disable_all_campaigns":false,"_monsterinsights_skip_tracking":false,"_monsterinsights_sitenote_active":false,"_monsterinsights_sitenote_note":"","_monsterinsights_sitenote_category":0,"footnotes":""},"_links":{"self":[{"href":"https:\/\/www.safeinci.com\/index.php\/wp-json\/wp\/v2\/pages\/3"}],"collection":[{"href":"https:\/\/www.safeinci.com\/index.php\/wp-json\/wp\/v2\/pages"}],"about":[{"href":"https:\/\/www.safeinci.com\/index.php\/wp-json\/wp\/v2\/types\/page"}],"author":[{"embeddable":true,"href":"https:\/\/www.safeinci.com\/index.php\/wp-json\/wp\/v2\/users\/1"}],"replies":[{"embeddable":true,"href":"https:\/\/www.safeinci.com\/index.php\/wp-json\/wp\/v2\/comments?post=3"}],"version-history":[{"count":4,"href":"https:\/\/www.safeinci.com\/index.php\/wp-json\/wp\/v2\/pages\/3\/revisions"}],"predecessor-version":[{"id":193,"href":"https:\/\/www.safeinci.com\/index.php\/wp-json\/wp\/v2\/pages\/3\/revisions\/193"}],"wp:featuredmedia":[{"embeddable":true,"href":"https:\/\/www.safeinci.com\/index.php\/wp-json\/wp\/v2\/media\/36"}],"wp:attachment":[{"href":"https:\/\/www.safeinci.com\/index.php\/wp-json\/wp\/v2\/media?parent=3"}],"curies":[{"name":"wp","href":"https:\/\/api.w.org\/{rel}","templated":true}]}}