{"id":220,"date":"2023-11-29T13:55:43","date_gmt":"2023-11-29T13:55:43","guid":{"rendered":"https:\/\/www.safeinci.com\/?page_id=220"},"modified":"2024-02-26T11:52:59","modified_gmt":"2024-02-26T11:52:59","slug":"szkolenie","status":"publish","type":"page","link":"https:\/\/www.safeinci.com\/index.php\/szkolenie\/","title":{"rendered":"Szkolenie"},"content":{"rendered":"\n<p>Szanowni Pa\u0144stwo,<\/p>\n\n\n\n<p>z przyjemno\u015bci\u0105 informujemy, \u017ce nadchodzi wyj\u0105tkowe szkolenie dotycz\u0105ce nowego rozporz\u0105dzenia UE &nbsp;w odniesieniu do mikroplastik\u00f3w. Postawili\u015bmy sobie za cel praktyczne przedstawienie problemu. Nasze szkolenie, trwaj\u0105ce oko\u0142o 100 minut, mo\u017ce by\u0107 przydatne dla Pa\u0144stwa pod wieloma wzgl\u0119dami.<\/p>\n\n\n\n<p><strong>Co sprawia, \u017ce nasze szkolenie wyr\u00f3\u017cnia si\u0119 spo\u015br\u00f3d innych?<\/strong><\/p>\n\n\n\n<p><strong>Do\u015bwiadczony prowadz\u0105cy<\/strong>: Szkolenie b\u0119dzie prowadzone przez specjalist\u0119 z wieloletnim do\u015bwiadczeniem w dziedzinie regulacji dotycz\u0105cych substancji i mieszanin chemicznych. Pami\u0119tajmy, \u017ce rozporz\u0105dzenie komisji (UE) 2023\/2055 z dnia 25 wrze\u015bnia 2023 dotyczy praktycznie ka\u017cdego zastosowania mikroplastik\u00f3w*.<\/p>\n\n\n\n<p class=\"has-small-font-size\">*Szczeg\u00f3\u0142y wy\u0142\u0105cze\u0144 zostan\u0105 podane w trakcie szkolenia.<\/p>\n\n\n\n<p><strong>Brak nu\u017c\u0105cych definicji<\/strong>: Obejdziemy klasyczne definicje, skupiaj\u0105c si\u0119 na zagadnieniach praktycznych. Naszym celem jest dostarczenie rzeczywistego wsparcia, kt\u00f3re mo\u017cna szybko zastosowa\u0107 w Pa\u0144stwa firmie bazuj\u0105c na przyk\u0142adach zastosowa\u0144 jakie podadz\u0105 Pa\u0144stwo sami w trakcie spotkania.<\/p>\n\n\n\n<p><strong>Rozwi\u0105zania regulacyjne i praktyczne<\/strong>: Przedstawimy kompleksowe podej\u015bcie do problemu mikroplastiku tj. rozpatrywanie kryteri\u00f3w derogacji, okres\u00f3w przej\u015bciowych, konkretnych zastosowa\u0144 i ciekawych przyk\u0142ad\u00f3w materia\u0142\u00f3w b\u0119d\u0105cych mikroplastikami.<\/p>\n\n\n\n<p><strong>Indywidualne konsultacje online<\/strong>: Jedyne szkolenie, kt\u00f3re oferuje mo\u017cliwo\u015b\u0107 um\u00f3wienia si\u0119 na 30-minutow\u0105 konsultacj\u0119 online w dogodnym terminie. Podczas niej b\u0119dziemy do Pa\u0144stwa dyspozycji, aby udzieli\u0107 indywidualnych porad dotycz\u0105cych wszelkich aspekt\u00f3w zwi\u0105zanych z mikroplastikami. Cz\u0119sto szczeg\u00f3\u0142owe pytania wymagaj\u0105 indywidualnego podej\u015bcia st\u0105d nasza wyj\u0105tkowa oferta.<\/p>\n\n\n\n<p><strong>Jak mog\u0105 Pa\u0144stwo wzi\u0105\u0107 udzia\u0142?<\/strong><\/p>\n\n\n\n<p>Zapraszamy serdecznie do rejestracji na nasze szkolenie dotycz\u0105ce szeroko poj\u0119tej problematyki mikroplastiku. Podczas tego wyj\u0105tkowego wydarzenia, skoncentrujemy si\u0119 na praktycznym podej\u015bciu do rozwi\u0105zania tej kwestii. Zach\u0119camy do skorzystania z naszego bogatego do\u015bwiadczenia, zdobycia konkretnej wiedzy oraz skonsultowania si\u0119 indywidualnie poprzez udzia\u0142 w wyj\u0105tkowych konsultacjach online.<\/p>\n\n\n\n<p class=\"has-small-font-size\"><\/p>\n\n\n\n<p><\/p>\n\n\n\n<p><\/p>\n\n\n<div class=\"wpforms-container wpforms-container-full wpforms-block wpforms-block-050a5448-089c-48b3-89a7-635a59b0aee3 wpforms-render-modern\" id=\"wpforms-214\"><form id=\"wpforms-form-214\" class=\"wpforms-validate wpforms-form wpforms-ajax-form\" data-formid=\"214\" method=\"post\" enctype=\"multipart\/form-data\" action=\"\/index.php\/wp-json\/wp\/v2\/pages\/220\" data-token=\"2a9e4ca4778a3f298827e4f573cac897\" data-token-time=\"1776339457\"><noscript class=\"wpforms-error-noscript\">Aby wype\u0142ni\u0107 ten formularz, w\u0142\u0105cz obs\u0142ug\u0119 JavaScript w przegl\u0105darce.<\/noscript><div id=\"wpforms-error-noscript\" style=\"display: none;\">Aby wype\u0142ni\u0107 ten formularz, w\u0142\u0105cz obs\u0142ug\u0119 JavaScript w przegl\u0105darce.<\/div><div class=\"wpforms-field-container\"><div id=\"wpforms-214-field_1-container\" class=\"wpforms-field wpforms-field-name\" data-field-id=\"1\"><fieldset><legend class=\"wpforms-field-label\">Dane <span class=\"wpforms-required-label\" aria-hidden=\"true\">*<\/span><\/legend><div class=\"wpforms-field-row wpforms-field-medium\"><div class=\"wpforms-field-row-block wpforms-first wpforms-one-half\"><input type=\"text\" id=\"wpforms-214-field_1\" class=\"wpforms-field-name-first wpforms-field-required\" name=\"wpforms[fields][1][first]\" aria-errormessage=\"wpforms-214-field_1-error\" required><label for=\"wpforms-214-field_1\" class=\"wpforms-field-sublabel after\">Imi\u0119<\/label><\/div><div class=\"wpforms-field-row-block wpforms-one-half\"><input type=\"text\" id=\"wpforms-214-field_1-last\" class=\"wpforms-field-name-last wpforms-field-required\" name=\"wpforms[fields][1][last]\" aria-errormessage=\"wpforms-214-field_1-last-error\" required><label for=\"wpforms-214-field_1-last\" class=\"wpforms-field-sublabel after\">Nazwisko<\/label><\/div><\/div><\/fieldset><\/div><div id=\"wpforms-214-field_2-container\" class=\"wpforms-field wpforms-field-email\" data-field-id=\"2\"><label class=\"wpforms-field-label\" for=\"wpforms-214-field_2\">Email <span class=\"wpforms-required-label\" aria-hidden=\"true\">*<\/span><\/label><input type=\"email\" id=\"wpforms-214-field_2\" class=\"wpforms-field-medium wpforms-field-required\" name=\"wpforms[fields][2]\" spellcheck=\"false\" aria-errormessage=\"wpforms-214-field_2-error\" required><\/div><div id=\"wpforms-214-field_11-container\" class=\"wpforms-field wpforms-field-text\" data-field-id=\"11\"><label class=\"wpforms-field-label\" for=\"wpforms-214-field_11\">Frima<\/label><input type=\"text\" id=\"wpforms-214-field_11\" class=\"wpforms-field-medium\" name=\"wpforms[fields][11]\" aria-errormessage=\"wpforms-214-field_11-error\" ><\/div><div id=\"wpforms-214-field_7-container\" class=\"wpforms-field wpforms-field-textarea\" data-field-id=\"7\"><label class=\"wpforms-field-label\" for=\"wpforms-214-field_7\">Komentarz<\/label><textarea id=\"wpforms-214-field_7\" class=\"wpforms-field-medium\" name=\"wpforms[fields][7]\" aria-errormessage=\"wpforms-214-field_7-error\" ><\/textarea><\/div><\/div><!-- .wpforms-field-container --><div class=\"wpforms-submit-container\" ><input type=\"hidden\" name=\"wpforms[id]\" value=\"214\"><input type=\"hidden\" name=\"page_title\" value=\"\"><input type=\"hidden\" name=\"page_url\" value=\"https:\/\/www.safeinci.com\/index.php\/wp-json\/wp\/v2\/pages\/220\"><input type=\"hidden\" name=\"url_referer\" value=\"\"><button type=\"submit\" name=\"wpforms[submit]\" id=\"wpforms-submit-214\" class=\"wpforms-submit\" data-alt-text=\"Wysy\u0142anie...\" data-submit-text=\"Wy\u015blij\" aria-live=\"assertive\" value=\"wpforms-submit\">Wy\u015blij<\/button><img loading=\"lazy\" decoding=\"async\" src=\"https:\/\/www.safeinci.com\/wp-content\/plugins\/wpforms-lite\/assets\/images\/submit-spin.svg\" class=\"wpforms-submit-spinner\" style=\"display: none;\" width=\"26\" height=\"26\" alt=\"Wczytywanie\"><\/div><\/form><\/div>  <!-- .wpforms-container -->\n\n\n<p><\/p>\n","protected":false},"excerpt":{"rendered":"<p>Szanowni Pa\u0144stwo, z przyjemno\u015bci\u0105 informujemy, \u017ce nadchodzi wyj\u0105tkowe szkolenie dotycz\u0105ce nowego rozporz\u0105dzenia UE &nbsp;w odniesieniu do mikroplastik\u00f3w. Postawili\u015bmy sobie za cel praktyczne przedstawienie problemu. Nasze szkolenie, trwaj\u0105ce oko\u0142o 100 minut, &hellip; <\/p>\n","protected":false},"author":1,"featured_media":0,"parent":0,"menu_order":0,"comment_status":"closed","ping_status":"closed","template":"","meta":{"om_disable_all_campaigns":false,"_monsterinsights_skip_tracking":false,"_monsterinsights_sitenote_active":false,"_monsterinsights_sitenote_note":"","_monsterinsights_sitenote_category":0,"footnotes":""},"_links":{"self":[{"href":"https:\/\/www.safeinci.com\/index.php\/wp-json\/wp\/v2\/pages\/220"}],"collection":[{"href":"https:\/\/www.safeinci.com\/index.php\/wp-json\/wp\/v2\/pages"}],"about":[{"href":"https:\/\/www.safeinci.com\/index.php\/wp-json\/wp\/v2\/types\/page"}],"author":[{"embeddable":true,"href":"https:\/\/www.safeinci.com\/index.php\/wp-json\/wp\/v2\/users\/1"}],"replies":[{"embeddable":true,"href":"https:\/\/www.safeinci.com\/index.php\/wp-json\/wp\/v2\/comments?post=220"}],"version-history":[{"count":9,"href":"https:\/\/www.safeinci.com\/index.php\/wp-json\/wp\/v2\/pages\/220\/revisions"}],"predecessor-version":[{"id":257,"href":"https:\/\/www.safeinci.com\/index.php\/wp-json\/wp\/v2\/pages\/220\/revisions\/257"}],"wp:attachment":[{"href":"https:\/\/www.safeinci.com\/index.php\/wp-json\/wp\/v2\/media?parent=220"}],"curies":[{"name":"wp","href":"https:\/\/api.w.org\/{rel}","templated":true}]}}