{"id":10,"date":"2023-10-26T18:27:50","date_gmt":"2023-10-26T18:27:50","guid":{"rendered":"https:\/\/www.safeinci.com\/?page_id=10"},"modified":"2023-11-29T14:13:22","modified_gmt":"2023-11-29T14:13:22","slug":"strona-glowna","status":"publish","type":"page","link":"https:\/\/www.safeinci.com\/","title":{"rendered":"Strona G\u0142\u00f3wna"},"content":{"rendered":"\n<p><\/p>\n\n\n\n<p>Szanowni Pa\u0144stwo,<\/p>\n\n\n\n<p class=\"has-text-align-left\">z przyjemno\u015bci\u0105 informujemy, \u017ce nadchodzi wyj\u0105tkowe szkolenie dotycz\u0105ce nowego rozporz\u0105dzenia UE w odniesieniu do mikroplastik\u00f3w. Postawili\u015bmy sobie za cel praktyczne przedstawienie problemu. Nasze szkolenie, trwaj\u0105ce ok 100 minut, mo\u017ce by\u0107 przydatne dla Pa\u0144stwa pod wieloma wzgl\u0119dami.<\/p>\n\n\n\n<p><strong>Co sprawia, \u017ce nasze szkolenie wyr\u00f3\u017cnia si\u0119 spo\u015br\u00f3d innych?<\/strong><\/p>\n\n\n\n<p><strong>Do\u015bwiadczony Prowadz\u0105cy<\/strong>: Szkolenie b\u0119dzie prowadzone przez specjalist\u0119 z wieloletnim do\u015bwiadczeniem w dziedzinie regulacji dotycz\u0105cych substancji i mieszanin chemicznych. Pami\u0119tajmy, \u017ce rozporz\u0105dzenie komisji (UE) 2023\/2055 z dnia 25 wrze\u015bnia 2023 dotyczy praktycznie ka\u017cdego zastosowania mikroplastik\u00f3w*<\/p>\n\n\n\n<p><strong>Brak nu\u017c\u0105cych Definicji<\/strong>: Obejdziemy klasyczne definicje, skupiaj\u0105c si\u0119 na zagadnieniach praktycznych. Naszym celem jest dostarczenie rzeczywistego wsparcia, kt\u00f3re mo\u017cna szybko zastosowa\u0107 w Pa\u0144stwa firmie bazuj\u0105c na przyk\u0142adach zastosowa\u0144 jakie podadz\u0105 Pa\u0144stwo sami w trakcie spotkania.<\/p>\n\n\n\n<p><strong>Rozwi\u0105zania regulacyjne i praktyczne<\/strong>: Przedstawimy kompleksowe podej\u015bcie do problemu mikroplastiku tj. rozpatrywanie kryteri\u00f3w derogacji, okres\u00f3w przej\u015bciowych, konkretnych zastosowa\u0144 i ciekawych przyk\u0142ad\u00f3w materia\u0142\u00f3w b\u0119d\u0105cych mikroplastikami.<\/p>\n\n\n\n<p><strong>Indywidualne konsultacje online<\/strong>: Jedyne szkolenie, kt\u00f3re oferuje mo\u017cliwo\u015b\u0107 um\u00f3wienia si\u0119 na 30-minutow\u0105 konsultacj\u0119 online w dogodnym terminie. Podczas niej b\u0119dziemy do Pa\u0144stwa dyspozycji, aby udzieli\u0107 indywidualnych porad dotycz\u0105cych wszelkich aspekt\u00f3w zwi\u0105zanych z mikroplastikami. Cz\u0119sto szczeg\u00f3\u0142owe pytania wymagaj\u0105 podej\u015bcia indywidualnego st\u0105d nasza wyj\u0105tkowa oferta.<\/p>\n\n\n\n<p><strong>Jak mog\u0105 Pa\u0144stwo wzi\u0105\u0107 udzia\u0142?<\/strong><\/p>\n\n\n\n<p>Zapraszamy serdecznie do rejestracji na nasze szkolenie dotycz\u0105ce szeroko poj\u0119tej problematyki mikroplastiku. Podczas tego wyj\u0105tkowego wydarzenia, skoncentrujemy si\u0119 na praktycznym podej\u015bciu do rozwi\u0105zania tej kwestii. Zach\u0119camy do skorzystania z naszego bogatego do\u015bwiadczenia, zdobycia konkretnej wiedzy oraz skonsultowania si\u0119 indywidualnie poprzez udzia\u0142 w wyj\u0105tkowych konsultacjach online.<\/p>\n\n\n\n<div class=\"wp-block-buttons is-layout-flex wp-block-buttons-is-layout-flex\">\n<div class=\"wp-block-button is-style-fill\"><a class=\"wp-block-button__link wp-element-button\">Rejestracja<\/a><\/div>\n<\/div>\n\n\n\n<p>*Szczeg\u00f3\u0142y wy\u0142\u0105cze\u0144 zostan\u0105 podane w trakcie szkolenia.<\/p>\n\n\n\n<p><strong>Liczba miejsc w szkoleniu jest ograniczona.<\/strong><\/p>\n\n\n\n<p><strong>Terminy:<\/strong><\/p>\n\n\n\n<p>14.12.2023, 12.00<\/p>\n\n\n\n<p>09.01.2024, 12.00<\/p>\n\n\n\n<p><strong>Koszt szkolenia z konsultacj\u0105:<\/strong><\/p>\n\n\n\n<p>500 z\u0142 netto\/os.<\/p>\n\n\n\n<p>1500 z\u0142 netto\/nieograniczona liczba os\u00f3b w firmie<\/p>\n\n\n\n<p><\/p>\n\n\n\n<p>Z powa\u017caniem,<\/p>\n\n\n\n<p>Krzysztof Grabka,<\/p>\n\n\n\n<p>Justyna Niklewicz,<\/p>\n\n\n\n<p>Agnieszka \u015ali\u017cewska<\/p>\n","protected":false},"excerpt":{"rendered":"<p>Szanowni Pa\u0144stwo, z przyjemno\u015bci\u0105 informujemy, \u017ce nadchodzi wyj\u0105tkowe szkolenie dotycz\u0105ce nowego rozporz\u0105dzenia UE w odniesieniu do mikroplastik\u00f3w. Postawili\u015bmy sobie za cel praktyczne przedstawienie problemu. Nasze szkolenie, trwaj\u0105ce ok 100 minut, &hellip; <\/p>\n","protected":false},"author":1,"featured_media":0,"parent":0,"menu_order":0,"comment_status":"closed","ping_status":"closed","template":"","meta":{"om_disable_all_campaigns":false,"_monsterinsights_skip_tracking":false,"_monsterinsights_sitenote_active":false,"_monsterinsights_sitenote_note":"","_monsterinsights_sitenote_category":0,"footnotes":""},"_links":{"self":[{"href":"https:\/\/www.safeinci.com\/index.php\/wp-json\/wp\/v2\/pages\/10"}],"collection":[{"href":"https:\/\/www.safeinci.com\/index.php\/wp-json\/wp\/v2\/pages"}],"about":[{"href":"https:\/\/www.safeinci.com\/index.php\/wp-json\/wp\/v2\/types\/page"}],"author":[{"embeddable":true,"href":"https:\/\/www.safeinci.com\/index.php\/wp-json\/wp\/v2\/users\/1"}],"replies":[{"embeddable":true,"href":"https:\/\/www.safeinci.com\/index.php\/wp-json\/wp\/v2\/comments?post=10"}],"version-history":[{"count":5,"href":"https:\/\/www.safeinci.com\/index.php\/wp-json\/wp\/v2\/pages\/10\/revisions"}],"predecessor-version":[{"id":231,"href":"https:\/\/www.safeinci.com\/index.php\/wp-json\/wp\/v2\/pages\/10\/revisions\/231"}],"wp:attachment":[{"href":"https:\/\/www.safeinci.com\/index.php\/wp-json\/wp\/v2\/media?parent=10"}],"curies":[{"name":"wp","href":"https:\/\/api.w.org\/{rel}","templated":true}]}}